{"id":10,"date":"2018-12-22T17:52:00","date_gmt":"2018-12-22T17:52:00","guid":{"rendered":"http:\/\/joytour.de\/?page_id=10"},"modified":"2023-08-04T19:46:06","modified_gmt":"2023-08-04T19:46:06","slug":"ueber-uns","status":"publish","type":"page","link":"https:\/\/joytour.de\/?page_id=10","title":{"rendered":"JoyTour sind&#8230;."},"content":{"rendered":"\n<figure class=\"wp-block-image size-large is-resized\"><img loading=\"lazy\" decoding=\"async\" src=\"https:\/\/joytour.de\/wp-content\/uploads\/2021\/04\/Xiangyang_1-680x1024.jpg\" alt=\"\" class=\"wp-image-835\" width=\"205\" height=\"308\" srcset=\"https:\/\/joytour.de\/wp-content\/uploads\/2021\/04\/Xiangyang_1-680x1024.jpg 680w, https:\/\/joytour.de\/wp-content\/uploads\/2021\/04\/Xiangyang_1-199x300.jpg 199w, https:\/\/joytour.de\/wp-content\/uploads\/2021\/04\/Xiangyang_1-768x1156.jpg 768w, https:\/\/joytour.de\/wp-content\/uploads\/2021\/04\/Xiangyang_1-1021x1536.jpg 1021w, https:\/\/joytour.de\/wp-content\/uploads\/2021\/04\/Xiangyang_1-1361x2048.jpg 1361w, https:\/\/joytour.de\/wp-content\/uploads\/2021\/04\/Xiangyang_1-1200x1806.jpg 1200w, https:\/\/joytour.de\/wp-content\/uploads\/2021\/04\/Xiangyang_1-scaled.jpg 1701w\" sizes=\"auto, (max-width: 205px) 85vw, 205px\" \/><figcaption class=\"wp-element-caption\">Xiangyang, 1969 in Qingdao, China geboren. Journalistin und zust\u00e4ndig f\u00fcr unsere Fotos und Filme. Neben dem Reisen und dem Kennenlernen vieler Menschen und Kulturen liebt sie leckeres Essen. Bevorzugt Seafood \ud83d\ude42<\/figcaption><\/figure>\n\n\n\n<figure class=\"wp-block-image size-large is-resized\"><img loading=\"lazy\" decoding=\"async\" src=\"https:\/\/joytour.de\/wp-content\/uploads\/2021\/04\/Guenter_1.jpg\" alt=\"\" class=\"wp-image-837\" width=\"311\" height=\"309\" srcset=\"https:\/\/joytour.de\/wp-content\/uploads\/2021\/04\/Guenter_1.jpg 981w, https:\/\/joytour.de\/wp-content\/uploads\/2021\/04\/Guenter_1-300x298.jpg 300w, https:\/\/joytour.de\/wp-content\/uploads\/2021\/04\/Guenter_1-150x150.jpg 150w, https:\/\/joytour.de\/wp-content\/uploads\/2021\/04\/Guenter_1-768x764.jpg 768w\" sizes=\"auto, (max-width: 311px) 85vw, 311px\" \/><figcaption class=\"wp-element-caption\">G\u00fcnter, 1960 in Stuttgart geboren, Maschinenbauer in ATZ. G\u00fcnter ist f\u00fcr alles Technische zust\u00e4ndig und das \u00fcberwiegende Fahren.  Seine Hobbys neben dem Reisen sind unter anderem Wandern,  Motorrad fahren und Tischtennis spielen. <\/figcaption><\/figure>\n\n\n\n<p><\/p>\n","protected":false},"excerpt":{"rendered":"","protected":false},"author":1,"featured_media":0,"parent":0,"menu_order":0,"comment_status":"closed","ping_status":"closed","template":"","meta":{"footnotes":""},"class_list":["post-10","page","type-page","status-publish","hentry"],"_links":{"self":[{"href":"https:\/\/joytour.de\/index.php?rest_route=\/wp\/v2\/pages\/10","targetHints":{"allow":["GET"]}}],"collection":[{"href":"https:\/\/joytour.de\/index.php?rest_route=\/wp\/v2\/pages"}],"about":[{"href":"https:\/\/joytour.de\/index.php?rest_route=\/wp\/v2\/types\/page"}],"author":[{"embeddable":true,"href":"https:\/\/joytour.de\/index.php?rest_route=\/wp\/v2\/users\/1"}],"replies":[{"embeddable":true,"href":"https:\/\/joytour.de\/index.php?rest_route=%2Fwp%2Fv2%2Fcomments&post=10"}],"version-history":[{"count":23,"href":"https:\/\/joytour.de\/index.php?rest_route=\/wp\/v2\/pages\/10\/revisions"}],"predecessor-version":[{"id":971,"href":"https:\/\/joytour.de\/index.php?rest_route=\/wp\/v2\/pages\/10\/revisions\/971"}],"wp:attachment":[{"href":"https:\/\/joytour.de\/index.php?rest_route=%2Fwp%2Fv2%2Fmedia&parent=10"}],"curies":[{"name":"wp","href":"https:\/\/api.w.org\/{rel}","templated":true}]}}