{"id":41,"date":"2018-12-22T18:45:54","date_gmt":"2018-12-22T18:45:54","guid":{"rendered":"http:\/\/joytour.de\/?page_id=41"},"modified":"2023-08-04T20:15:30","modified_gmt":"2023-08-04T20:15:30","slug":"startseite","status":"publish","type":"page","link":"https:\/\/joytour.de\/","title":{"rendered":"Willkommen, Ni hao, welcome, bienvenida, bienvenue, benvenuto, bem-vindo, \u03ba\u03b1\u03bb\u03c9\u03c3\u03cc\u03c1\u03b9\u03c3\u03bc\u03b1, kar\u015f\u0131lama, \u0434\u043e\u0431\u0440\u043e \u043f\u043e\u0436\u0430\u043b\u043e\u0432\u0430\u0442\u044c, \u062a\u0631\u062d\u064a\u0628 , \u062e\u0648\u0634 \u0622\u0645\u062f"},"content":{"rendered":"\n<p>auf unserer privaten Webseite &#8222;JoyTour.de&#8220; \ud83d\ude42<\/p>\n\n\n\n<p>Hier berichten wir \u00fcber unsere Reisen sowie ein wenig \u00fcber uns und unseren Reisegef\u00e4hrten &#8222;JOY&#8220;. Aus dem Namen unseres Ford Rangers &#8222;Joy&#8220; und dem Wunsch mit ihm auf Tour zu gehen entstand auch der Name unserer Webseite &#8222;JoyTour.de&#8220; Mittlerweile haben wir unseren Ford Ranger samt montierter Ortec Kabine nach einigen wundersch\u00f6nen Reisen verkauft. Mit seinem Nachfolger Joy 2 einem Hymer Grand Canyon S sind wir nun unterwegs .<\/p>\n\n\n\n<p>Wer zu unseren Reisen und unseren Fahrzeugen mehr erfahren will findet viele Informationen dazu auf YouTube unter<\/p>\n\n\n\n<p><a href=\"https:\/\/m.youtube.com\/@camperjoy\">https:\/\/m.youtube.com\/@camperjoy<\/a><\/p>\n\n\n\n<p><\/p>\n","protected":false},"excerpt":{"rendered":"<p>auf unserer privaten Webseite &#8222;JoyTour.de&#8220; \ud83d\ude42 Hier berichten wir \u00fcber unsere Reisen sowie ein wenig \u00fcber uns und unseren Reisegef\u00e4hrten &#8222;JOY&#8220;. Aus dem Namen unseres Ford Rangers &#8222;Joy&#8220; und dem Wunsch mit ihm auf Tour zu gehen entstand auch der Name unserer Webseite &#8222;JoyTour.de&#8220; Mittlerweile haben wir unseren Ford Ranger samt montierter Ortec Kabine nach &hellip; <a href=\"https:\/\/joytour.de\/\" class=\"more-link\"><span class=\"screen-reader-text\">\u201eWillkommen, Ni hao, welcome, bienvenida, bienvenue, benvenuto, bem-vindo, \u03ba\u03b1\u03bb\u03c9\u03c3\u03cc\u03c1\u03b9\u03c3\u03bc\u03b1, kar\u015f\u0131lama, \u0434\u043e\u0431\u0440\u043e \u043f\u043e\u0436\u0430\u043b\u043e\u0432\u0430\u0442\u044c, \u062a\u0631\u062d\u064a\u0628 , \u062e\u0648\u0634 \u0622\u0645\u062f\u201c<\/span> weiterlesen<\/a><\/p>\n","protected":false},"author":1,"featured_media":0,"parent":0,"menu_order":0,"comment_status":"closed","ping_status":"closed","template":"","meta":{"footnotes":""},"class_list":["post-41","page","type-page","status-publish","hentry"],"_links":{"self":[{"href":"https:\/\/joytour.de\/index.php?rest_route=\/wp\/v2\/pages\/41","targetHints":{"allow":["GET"]}}],"collection":[{"href":"https:\/\/joytour.de\/index.php?rest_route=\/wp\/v2\/pages"}],"about":[{"href":"https:\/\/joytour.de\/index.php?rest_route=\/wp\/v2\/types\/page"}],"author":[{"embeddable":true,"href":"https:\/\/joytour.de\/index.php?rest_route=\/wp\/v2\/users\/1"}],"replies":[{"embeddable":true,"href":"https:\/\/joytour.de\/index.php?rest_route=%2Fwp%2Fv2%2Fcomments&post=41"}],"version-history":[{"count":21,"href":"https:\/\/joytour.de\/index.php?rest_route=\/wp\/v2\/pages\/41\/revisions"}],"predecessor-version":[{"id":978,"href":"https:\/\/joytour.de\/index.php?rest_route=\/wp\/v2\/pages\/41\/revisions\/978"}],"wp:attachment":[{"href":"https:\/\/joytour.de\/index.php?rest_route=%2Fwp%2Fv2%2Fmedia&parent=41"}],"curies":[{"name":"wp","href":"https:\/\/api.w.org\/{rel}","templated":true}]}}